{"id":1653,"date":"2022-03-11T11:22:44","date_gmt":"2022-03-11T10:22:44","guid":{"rendered":"https:\/\/schaeferhund-traubeneiche.de\/?page_id=1653"},"modified":"2022-03-11T11:22:45","modified_gmt":"2022-03-11T10:22:45","slug":"y-nr-1-ruede-grau-2","status":"publish","type":"page","link":"https:\/\/schaeferhund-traubeneiche.de\/en\/y-nr-1-ruede-grau-2\/","title":{"rendered":"Y-No.1 male grey"},"content":{"rendered":"<figure class=\"wp-block-image size-large\"><img fetchpriority=\"high\" decoding=\"async\" width=\"1024\" height=\"576\" src=\"https:\/\/schaeferhund-traubeneiche.de\/wp-content\/uploads\/2022\/03\/20220311_094847-4-1024x576.jpg\" alt=\"\" class=\"wp-image-1654\" srcset=\"https:\/\/schaeferhund-traubeneiche.de\/wp-content\/uploads\/2022\/03\/20220311_094847-4-1024x576.jpg 1024w, https:\/\/schaeferhund-traubeneiche.de\/wp-content\/uploads\/2022\/03\/20220311_094847-4-300x169.jpg 300w, https:\/\/schaeferhund-traubeneiche.de\/wp-content\/uploads\/2022\/03\/20220311_094847-4-768x432.jpg 768w, https:\/\/schaeferhund-traubeneiche.de\/wp-content\/uploads\/2022\/03\/20220311_094847-4-18x10.jpg 18w, https:\/\/schaeferhund-traubeneiche.de\/wp-content\/uploads\/2022\/03\/20220311_094847-4.jpg 1200w\" sizes=\"(max-width: 1024px) 100vw, 1024px\" \/><figcaption>10 days old <\/figcaption><\/figure>\n\n\n\n<p><\/p>","protected":false},"excerpt":{"rendered":"","protected":false},"author":3,"featured_media":0,"parent":0,"menu_order":0,"comment_status":"closed","ping_status":"closed","template":"","meta":{"site-sidebar-layout":"default","site-content-layout":"","ast-site-content-layout":"","site-content-style":"default","site-sidebar-style":"default","ast-global-header-display":"","ast-banner-title-visibility":"","ast-main-header-display":"","ast-hfb-above-header-display":"","ast-hfb-below-header-display":"","ast-hfb-mobile-header-display":"","site-post-title":"","ast-breadcrumbs-content":"","ast-featured-img":"","footer-sml-layout":"","theme-transparent-header-meta":"","adv-header-id-meta":"","stick-header-meta":"","header-above-stick-meta":"","header-main-stick-meta":"","header-below-stick-meta":"","astra-migrate-meta-layouts":"default","ast-page-background-enabled":"default","ast-page-background-meta":{"desktop":{"background-color":"var(--ast-global-color-4)","background-image":"","background-repeat":"repeat","background-position":"center center","background-size":"auto","background-attachment":"scroll","background-type":"","background-media":"","overlay-type":"","overlay-color":"","overlay-opacity":"","overlay-gradient":""},"tablet":{"background-color":"","background-image":"","background-repeat":"repeat","background-position":"center center","background-size":"auto","background-attachment":"scroll","background-type":"","background-media":"","overlay-type":"","overlay-color":"","overlay-opacity":"","overlay-gradient":""},"mobile":{"background-color":"","background-image":"","background-repeat":"repeat","background-position":"center center","background-size":"auto","background-attachment":"scroll","background-type":"","background-media":"","overlay-type":"","overlay-color":"","overlay-opacity":"","overlay-gradient":""}},"ast-content-background-meta":{"desktop":{"background-color":"var(--ast-global-color-5)","background-image":"","background-repeat":"repeat","background-position":"center center","background-size":"auto","background-attachment":"scroll","background-type":"","background-media":"","overlay-type":"","overlay-color":"","overlay-opacity":"","overlay-gradient":""},"tablet":{"background-color":"var(--ast-global-color-5)","background-image":"","background-repeat":"repeat","background-position":"center center","background-size":"auto","background-attachment":"scroll","background-type":"","background-media":"","overlay-type":"","overlay-color":"","overlay-opacity":"","overlay-gradient":""},"mobile":{"background-color":"var(--ast-global-color-5)","background-image":"","background-repeat":"repeat","background-position":"center center","background-size":"auto","background-attachment":"scroll","background-type":"","background-media":"","overlay-type":"","overlay-color":"","overlay-opacity":"","overlay-gradient":""}},"footnotes":""},"yoast_head":"<!-- This site is optimized with the Yoast SEO plugin v22.9 - https:\/\/yoast.com\/wordpress\/plugins\/seo\/ -->\n<title>Y-Nr.1 R\u00fcde grau - Schaeferhund-Traubeneiche<\/title>\n<meta name=\"description\" content=\"10 Tage alt\" \/>\n<meta name=\"robots\" content=\"index, follow, max-snippet:-1, max-image-preview:large, max-video-preview:-1\" \/>\n<link rel=\"canonical\" href=\"https:\/\/schaeferhund-traubeneiche.de\/en\/y-nr-1-ruede-grau-2\/\" \/>\n<meta property=\"og:locale\" content=\"en_US\" \/>\n<meta property=\"og:type\" content=\"article\" \/>\n<meta property=\"og:title\" content=\"Y-Nr.1 R\u00fcde grau - Schaeferhund-Traubeneiche\" \/>\n<meta property=\"og:description\" content=\"10 Tage alt\" \/>\n<meta property=\"og:url\" content=\"https:\/\/schaeferhund-traubeneiche.de\/en\/y-nr-1-ruede-grau-2\/\" \/>\n<meta property=\"og:site_name\" content=\"Schaeferhund-Traubeneiche\" \/>\n<meta property=\"article:modified_time\" content=\"2022-03-11T10:22:45+00:00\" \/>\n<meta property=\"og:image\" content=\"https:\/\/schaeferhund-traubeneiche.de\/wp-content\/uploads\/2022\/03\/20220311_094847-4-1024x576.jpg\" \/>\n<meta name=\"twitter:card\" content=\"summary_large_image\" \/>\n<meta name=\"twitter:label1\" content=\"Est. reading time\" \/>\n\t<meta name=\"twitter:data1\" content=\"1 minute\" \/>\n<script type=\"application\/ld+json\" class=\"yoast-schema-graph\">{\"@context\":\"https:\/\/schema.org\",\"@graph\":[{\"@type\":\"WebPage\",\"@id\":\"https:\/\/schaeferhund-traubeneiche.de\/y-nr-1-ruede-grau-2\/\",\"url\":\"https:\/\/schaeferhund-traubeneiche.de\/y-nr-1-ruede-grau-2\/\",\"name\":\"Y-Nr.1 R\u00fcde grau - Schaeferhund-Traubeneiche\",\"isPartOf\":{\"@id\":\"https:\/\/schaeferhund-traubeneiche.de\/#website\"},\"primaryImageOfPage\":{\"@id\":\"https:\/\/schaeferhund-traubeneiche.de\/y-nr-1-ruede-grau-2\/#primaryimage\"},\"image\":{\"@id\":\"https:\/\/schaeferhund-traubeneiche.de\/y-nr-1-ruede-grau-2\/#primaryimage\"},\"thumbnailUrl\":\"https:\/\/schaeferhund-traubeneiche.de\/wp-content\/uploads\/2022\/03\/20220311_094847-4-1024x576.jpg\",\"datePublished\":\"2022-03-11T10:22:44+00:00\",\"dateModified\":\"2022-03-11T10:22:45+00:00\",\"description\":\"10 Tage alt\",\"breadcrumb\":{\"@id\":\"https:\/\/schaeferhund-traubeneiche.de\/y-nr-1-ruede-grau-2\/#breadcrumb\"},\"inLanguage\":\"en-US\",\"potentialAction\":[{\"@type\":\"ReadAction\",\"target\":[\"https:\/\/schaeferhund-traubeneiche.de\/y-nr-1-ruede-grau-2\/\"]}]},{\"@type\":\"ImageObject\",\"inLanguage\":\"en-US\",\"@id\":\"https:\/\/schaeferhund-traubeneiche.de\/y-nr-1-ruede-grau-2\/#primaryimage\",\"url\":\"https:\/\/schaeferhund-traubeneiche.de\/wp-content\/uploads\/2022\/03\/20220311_094847-4-1024x576.jpg\",\"contentUrl\":\"https:\/\/schaeferhund-traubeneiche.de\/wp-content\/uploads\/2022\/03\/20220311_094847-4-1024x576.jpg\"},{\"@type\":\"BreadcrumbList\",\"@id\":\"https:\/\/schaeferhund-traubeneiche.de\/y-nr-1-ruede-grau-2\/#breadcrumb\",\"itemListElement\":[{\"@type\":\"ListItem\",\"position\":1,\"name\":\"Startseite\",\"item\":\"https:\/\/schaeferhund-traubeneiche.de\/\"},{\"@type\":\"ListItem\",\"position\":2,\"name\":\"Y-Nr.1 R\u00fcde grau\"}]},{\"@type\":\"WebSite\",\"@id\":\"https:\/\/schaeferhund-traubeneiche.de\/#website\",\"url\":\"https:\/\/schaeferhund-traubeneiche.de\/\",\"name\":\"Schaeferhund-Traubeneiche\",\"description\":\"Homepage vom Zwinger von der Traubeneiche. Erstellt von Dieter Barsch.Zuchtst\u00e4tte f\u00fcr Deutsche Sch\u00e4ferhunde, DSH, Sporthund, Familienhund, Beh\u00f6rdenhund, Leistungszucht,Welpen, Sch\u00e4ferhundwelpen, Sch\u00e4ferhundzuch\",\"publisher\":{\"@id\":\"https:\/\/schaeferhund-traubeneiche.de\/#organization\"},\"potentialAction\":[{\"@type\":\"SearchAction\",\"target\":{\"@type\":\"EntryPoint\",\"urlTemplate\":\"https:\/\/schaeferhund-traubeneiche.de\/?s={search_term_string}\"},\"query-input\":\"required name=search_term_string\"}],\"inLanguage\":\"en-US\"},{\"@type\":\"Organization\",\"@id\":\"https:\/\/schaeferhund-traubeneiche.de\/#organization\",\"name\":\"Schaeferhund-Traubeneiche\",\"url\":\"https:\/\/schaeferhund-traubeneiche.de\/\",\"logo\":{\"@type\":\"ImageObject\",\"inLanguage\":\"en-US\",\"@id\":\"https:\/\/schaeferhund-traubeneiche.de\/#\/schema\/logo\/image\/\",\"url\":\"https:\/\/schaeferhund-traubeneiche.de\/wp-content\/uploads\/2022\/02\/zwinger-von-der-traubeneiche-2.jpg\",\"contentUrl\":\"https:\/\/schaeferhund-traubeneiche.de\/wp-content\/uploads\/2022\/02\/zwinger-von-der-traubeneiche-2.jpg\",\"width\":1200,\"height\":558,\"caption\":\"Schaeferhund-Traubeneiche\"},\"image\":{\"@id\":\"https:\/\/schaeferhund-traubeneiche.de\/#\/schema\/logo\/image\/\"}}]}<\/script>\n<!-- \/ Yoast SEO plugin. -->","yoast_head_json":{"title":"Y-Nr.1 R\u00fcde grau - Schaeferhund-Traubeneiche","description":"10 Tage alt","robots":{"index":"index","follow":"follow","max-snippet":"max-snippet:-1","max-image-preview":"max-image-preview:large","max-video-preview":"max-video-preview:-1"},"canonical":"https:\/\/schaeferhund-traubeneiche.de\/en\/y-nr-1-ruede-grau-2\/","og_locale":"en_US","og_type":"article","og_title":"Y-Nr.1 R\u00fcde grau - Schaeferhund-Traubeneiche","og_description":"10 Tage alt","og_url":"https:\/\/schaeferhund-traubeneiche.de\/en\/y-nr-1-ruede-grau-2\/","og_site_name":"Schaeferhund-Traubeneiche","article_modified_time":"2022-03-11T10:22:45+00:00","og_image":[{"url":"https:\/\/schaeferhund-traubeneiche.de\/wp-content\/uploads\/2022\/03\/20220311_094847-4-1024x576.jpg"}],"twitter_card":"summary_large_image","twitter_misc":{"Est. reading time":"1 minute"},"schema":{"@context":"https:\/\/schema.org","@graph":[{"@type":"WebPage","@id":"https:\/\/schaeferhund-traubeneiche.de\/y-nr-1-ruede-grau-2\/","url":"https:\/\/schaeferhund-traubeneiche.de\/y-nr-1-ruede-grau-2\/","name":"Y-Nr.1 R\u00fcde grau - Schaeferhund-Traubeneiche","isPartOf":{"@id":"https:\/\/schaeferhund-traubeneiche.de\/#website"},"primaryImageOfPage":{"@id":"https:\/\/schaeferhund-traubeneiche.de\/y-nr-1-ruede-grau-2\/#primaryimage"},"image":{"@id":"https:\/\/schaeferhund-traubeneiche.de\/y-nr-1-ruede-grau-2\/#primaryimage"},"thumbnailUrl":"https:\/\/schaeferhund-traubeneiche.de\/wp-content\/uploads\/2022\/03\/20220311_094847-4-1024x576.jpg","datePublished":"2022-03-11T10:22:44+00:00","dateModified":"2022-03-11T10:22:45+00:00","description":"10 Tage alt","breadcrumb":{"@id":"https:\/\/schaeferhund-traubeneiche.de\/y-nr-1-ruede-grau-2\/#breadcrumb"},"inLanguage":"en-US","potentialAction":[{"@type":"ReadAction","target":["https:\/\/schaeferhund-traubeneiche.de\/y-nr-1-ruede-grau-2\/"]}]},{"@type":"ImageObject","inLanguage":"en-US","@id":"https:\/\/schaeferhund-traubeneiche.de\/y-nr-1-ruede-grau-2\/#primaryimage","url":"https:\/\/schaeferhund-traubeneiche.de\/wp-content\/uploads\/2022\/03\/20220311_094847-4-1024x576.jpg","contentUrl":"https:\/\/schaeferhund-traubeneiche.de\/wp-content\/uploads\/2022\/03\/20220311_094847-4-1024x576.jpg"},{"@type":"BreadcrumbList","@id":"https:\/\/schaeferhund-traubeneiche.de\/y-nr-1-ruede-grau-2\/#breadcrumb","itemListElement":[{"@type":"ListItem","position":1,"name":"Startseite","item":"https:\/\/schaeferhund-traubeneiche.de\/"},{"@type":"ListItem","position":2,"name":"Y-Nr.1 R\u00fcde grau"}]},{"@type":"WebSite","@id":"https:\/\/schaeferhund-traubeneiche.de\/#website","url":"https:\/\/schaeferhund-traubeneiche.de\/","name":"Schaeferhund-Traubeneiche","description":"Homepage vom Zwinger von der Traubeneiche. Erstellt von Dieter Barsch.Zuchtst\u00e4tte f\u00fcr Deutsche Sch\u00e4ferhunde, DSH, Sporthund, Familienhund, Beh\u00f6rdenhund, Leistungszucht,Welpen, Sch\u00e4ferhundwelpen, Sch\u00e4ferhundzuch","publisher":{"@id":"https:\/\/schaeferhund-traubeneiche.de\/#organization"},"potentialAction":[{"@type":"SearchAction","target":{"@type":"EntryPoint","urlTemplate":"https:\/\/schaeferhund-traubeneiche.de\/?s={search_term_string}"},"query-input":"required name=search_term_string"}],"inLanguage":"en-US"},{"@type":"Organization","@id":"https:\/\/schaeferhund-traubeneiche.de\/#organization","name":"Schaeferhund-Traubeneiche","url":"https:\/\/schaeferhund-traubeneiche.de\/","logo":{"@type":"ImageObject","inLanguage":"en-US","@id":"https:\/\/schaeferhund-traubeneiche.de\/#\/schema\/logo\/image\/","url":"https:\/\/schaeferhund-traubeneiche.de\/wp-content\/uploads\/2022\/02\/zwinger-von-der-traubeneiche-2.jpg","contentUrl":"https:\/\/schaeferhund-traubeneiche.de\/wp-content\/uploads\/2022\/02\/zwinger-von-der-traubeneiche-2.jpg","width":1200,"height":558,"caption":"Schaeferhund-Traubeneiche"},"image":{"@id":"https:\/\/schaeferhund-traubeneiche.de\/#\/schema\/logo\/image\/"}}]}},"_links":{"self":[{"href":"https:\/\/schaeferhund-traubeneiche.de\/en\/wp-json\/wp\/v2\/pages\/1653"}],"collection":[{"href":"https:\/\/schaeferhund-traubeneiche.de\/en\/wp-json\/wp\/v2\/pages"}],"about":[{"href":"https:\/\/schaeferhund-traubeneiche.de\/en\/wp-json\/wp\/v2\/types\/page"}],"author":[{"embeddable":true,"href":"https:\/\/schaeferhund-traubeneiche.de\/en\/wp-json\/wp\/v2\/users\/3"}],"replies":[{"embeddable":true,"href":"https:\/\/schaeferhund-traubeneiche.de\/en\/wp-json\/wp\/v2\/comments?post=1653"}],"version-history":[{"count":1,"href":"https:\/\/schaeferhund-traubeneiche.de\/en\/wp-json\/wp\/v2\/pages\/1653\/revisions"}],"predecessor-version":[{"id":1655,"href":"https:\/\/schaeferhund-traubeneiche.de\/en\/wp-json\/wp\/v2\/pages\/1653\/revisions\/1655"}],"wp:attachment":[{"href":"https:\/\/schaeferhund-traubeneiche.de\/en\/wp-json\/wp\/v2\/media?parent=1653"}],"curies":[{"name":"wp","href":"https:\/\/api.w.org\/{rel}","templated":true}]}}