{"id":1638,"date":"2022-03-11T10:30:05","date_gmt":"2022-03-11T09:30:05","guid":{"rendered":"https:\/\/schaeferhund-traubeneiche.de\/?page_id=1638"},"modified":"2022-03-11T10:35:57","modified_gmt":"2022-03-11T09:35:57","slug":"y-nr-1-ruede-grau","status":"publish","type":"page","link":"https:\/\/schaeferhund-traubeneiche.de\/en\/y-nr-1-ruede-grau\/","title":{"rendered":"Y-No.1 male grey"},"content":{"rendered":"<div data-elementor-type=\"wp-page\" data-elementor-id=\"1638\" class=\"elementor elementor-1638\">\n\t\t\t\t\t\t<section class=\"elementor-section elementor-top-section elementor-element elementor-element-7337ce19 elementor-section-boxed elementor-section-height-default elementor-section-height-default\" data-id=\"7337ce19\" data-element_type=\"section\">\n\t\t\t\t\t\t<div class=\"elementor-container elementor-column-gap-default\">\n\t\t\t\t\t<div class=\"elementor-column elementor-col-100 elementor-top-column elementor-element elementor-element-6e7f3685\" data-id=\"6e7f3685\" data-element_type=\"column\">\n\t\t\t<div class=\"elementor-widget-wrap elementor-element-populated\">\n\t\t\t\t\t\t<div class=\"elementor-element elementor-element-6796b3a2 elementor-widget elementor-widget-text-editor\" data-id=\"6796b3a2\" data-element_type=\"widget\" data-widget_type=\"text-editor.default\">\n\t\t\t\t<div class=\"elementor-widget-container\">\n\t\t\t<style>\/*! elementor - v3.22.0 - 26-06-2024 *\/\n.elementor-widget-text-editor.elementor-drop-cap-view-stacked .elementor-drop-cap{background-color:#69727d;color:#fff}.elementor-widget-text-editor.elementor-drop-cap-view-framed .elementor-drop-cap{color:#69727d;border:3px solid;background-color:transparent}.elementor-widget-text-editor:not(.elementor-drop-cap-view-default) .elementor-drop-cap{margin-top:8px}.elementor-widget-text-editor:not(.elementor-drop-cap-view-default) .elementor-drop-cap-letter{width:1em;height:1em}.elementor-widget-text-editor .elementor-drop-cap{float:left;text-align:center;line-height:1;font-size:50px}.elementor-widget-text-editor .elementor-drop-cap-letter{display:inline-block}<\/style>\t\t\t\t<!-- wp:gallery {\"linkTo\":\"none\"} -->\n<figure class=\"wp-block-gallery has-nested-images columns-default is-cropped\"><!-- wp:image {\"id\":1639,\"sizeSlug\":\"large\",\"linkDestination\":\"none\"} -->\n<figure class=\"wp-block-image size-large\"><img fetchpriority=\"high\" decoding=\"async\" width=\"1024\" height=\"576\" src=\"https:\/\/schaeferhund-traubeneiche.de\/wp-content\/uploads\/2022\/03\/20220311_094847-1-1024x576.jpg\" alt=\"\" class=\"wp-image-1639\" srcset=\"https:\/\/schaeferhund-traubeneiche.de\/wp-content\/uploads\/2022\/03\/20220311_094847-1-1024x576.jpg 1024w, https:\/\/schaeferhund-traubeneiche.de\/wp-content\/uploads\/2022\/03\/20220311_094847-1-300x169.jpg 300w, https:\/\/schaeferhund-traubeneiche.de\/wp-content\/uploads\/2022\/03\/20220311_094847-1-768x432.jpg 768w, https:\/\/schaeferhund-traubeneiche.de\/wp-content\/uploads\/2022\/03\/20220311_094847-1-18x10.jpg 18w, https:\/\/schaeferhund-traubeneiche.de\/wp-content\/uploads\/2022\/03\/20220311_094847-1.jpg 1200w\" sizes=\"(max-width: 1024px) 100vw, 1024px\" \/><\/figure>\n<!-- \/wp:image --><\/figure>\n<!-- \/wp:gallery -->\t\t\t\t\t\t<\/div>\n\t\t\t\t<\/div>\n\t\t\t\t\t<\/div>\n\t\t<\/div>\n\t\t\t\t\t<\/div>\n\t\t<\/section>\n\t\t\t\t<\/div>","protected":false},"excerpt":{"rendered":"","protected":false},"author":3,"featured_media":0,"parent":0,"menu_order":0,"comment_status":"closed","ping_status":"closed","template":"","meta":{"site-sidebar-layout":"default","site-content-layout":"","ast-site-content-layout":"","site-content-style":"default","site-sidebar-style":"default","ast-global-header-display":"","ast-banner-title-visibility":"","ast-main-header-display":"","ast-hfb-above-header-display":"","ast-hfb-below-header-display":"","ast-hfb-mobile-header-display":"","site-post-title":"","ast-breadcrumbs-content":"","ast-featured-img":"","footer-sml-layout":"","theme-transparent-header-meta":"","adv-header-id-meta":"","stick-header-meta":"","header-above-stick-meta":"","header-main-stick-meta":"","header-below-stick-meta":"","astra-migrate-meta-layouts":"default","ast-page-background-enabled":"default","ast-page-background-meta":{"desktop":{"background-color":"var(--ast-global-color-4)","background-image":"","background-repeat":"repeat","background-position":"center center","background-size":"auto","background-attachment":"scroll","background-type":"","background-media":"","overlay-type":"","overlay-color":"","overlay-opacity":"","overlay-gradient":""},"tablet":{"background-color":"","background-image":"","background-repeat":"repeat","background-position":"center center","background-size":"auto","background-attachment":"scroll","background-type":"","background-media":"","overlay-type":"","overlay-color":"","overlay-opacity":"","overlay-gradient":""},"mobile":{"background-color":"","background-image":"","background-repeat":"repeat","background-position":"center center","background-size":"auto","background-attachment":"scroll","background-type":"","background-media":"","overlay-type":"","overlay-color":"","overlay-opacity":"","overlay-gradient":""}},"ast-content-background-meta":{"desktop":{"background-color":"var(--ast-global-color-5)","background-image":"","background-repeat":"repeat","background-position":"center center","background-size":"auto","background-attachment":"scroll","background-type":"","background-media":"","overlay-type":"","overlay-color":"","overlay-opacity":"","overlay-gradient":""},"tablet":{"background-color":"var(--ast-global-color-5)","background-image":"","background-repeat":"repeat","background-position":"center center","background-size":"auto","background-attachment":"scroll","background-type":"","background-media":"","overlay-type":"","overlay-color":"","overlay-opacity":"","overlay-gradient":""},"mobile":{"background-color":"var(--ast-global-color-5)","background-image":"","background-repeat":"repeat","background-position":"center center","background-size":"auto","background-attachment":"scroll","background-type":"","background-media":"","overlay-type":"","overlay-color":"","overlay-opacity":"","overlay-gradient":""}},"footnotes":""},"yoast_head":"<!-- This site is optimized with the Yoast SEO plugin v22.9 - https:\/\/yoast.com\/wordpress\/plugins\/seo\/ -->\n<title>Y-Nr.1 R\u00fcde grau - Schaeferhund-Traubeneiche<\/title>\n<meta name=\"robots\" content=\"index, follow, max-snippet:-1, max-image-preview:large, max-video-preview:-1\" \/>\n<link rel=\"canonical\" href=\"https:\/\/schaeferhund-traubeneiche.de\/en\/y-nr-1-ruede-grau\/\" \/>\n<meta property=\"og:locale\" content=\"en_US\" \/>\n<meta property=\"og:type\" content=\"article\" \/>\n<meta property=\"og:title\" content=\"Y-Nr.1 R\u00fcde grau - Schaeferhund-Traubeneiche\" \/>\n<meta property=\"og:url\" content=\"https:\/\/schaeferhund-traubeneiche.de\/en\/y-nr-1-ruede-grau\/\" \/>\n<meta property=\"og:site_name\" content=\"Schaeferhund-Traubeneiche\" \/>\n<meta property=\"article:modified_time\" content=\"2022-03-11T09:35:57+00:00\" \/>\n<meta property=\"og:image\" content=\"https:\/\/schaeferhund-traubeneiche.de\/wp-content\/uploads\/2022\/03\/20220311_094847-1-1024x576.jpg\" \/>\n<meta name=\"twitter:card\" content=\"summary_large_image\" \/>\n<script type=\"application\/ld+json\" class=\"yoast-schema-graph\">{\"@context\":\"https:\/\/schema.org\",\"@graph\":[{\"@type\":\"WebPage\",\"@id\":\"https:\/\/schaeferhund-traubeneiche.de\/y-nr-1-ruede-grau\/\",\"url\":\"https:\/\/schaeferhund-traubeneiche.de\/y-nr-1-ruede-grau\/\",\"name\":\"Y-Nr.1 R\u00fcde grau - Schaeferhund-Traubeneiche\",\"isPartOf\":{\"@id\":\"https:\/\/schaeferhund-traubeneiche.de\/#website\"},\"primaryImageOfPage\":{\"@id\":\"https:\/\/schaeferhund-traubeneiche.de\/y-nr-1-ruede-grau\/#primaryimage\"},\"image\":{\"@id\":\"https:\/\/schaeferhund-traubeneiche.de\/y-nr-1-ruede-grau\/#primaryimage\"},\"thumbnailUrl\":\"https:\/\/schaeferhund-traubeneiche.de\/wp-content\/uploads\/2022\/03\/20220311_094847-1-1024x576.jpg\",\"datePublished\":\"2022-03-11T09:30:05+00:00\",\"dateModified\":\"2022-03-11T09:35:57+00:00\",\"breadcrumb\":{\"@id\":\"https:\/\/schaeferhund-traubeneiche.de\/y-nr-1-ruede-grau\/#breadcrumb\"},\"inLanguage\":\"en-US\",\"potentialAction\":[{\"@type\":\"ReadAction\",\"target\":[\"https:\/\/schaeferhund-traubeneiche.de\/y-nr-1-ruede-grau\/\"]}]},{\"@type\":\"ImageObject\",\"inLanguage\":\"en-US\",\"@id\":\"https:\/\/schaeferhund-traubeneiche.de\/y-nr-1-ruede-grau\/#primaryimage\",\"url\":\"https:\/\/schaeferhund-traubeneiche.de\/wp-content\/uploads\/2022\/03\/20220311_094847-1-1024x576.jpg\",\"contentUrl\":\"https:\/\/schaeferhund-traubeneiche.de\/wp-content\/uploads\/2022\/03\/20220311_094847-1-1024x576.jpg\"},{\"@type\":\"BreadcrumbList\",\"@id\":\"https:\/\/schaeferhund-traubeneiche.de\/y-nr-1-ruede-grau\/#breadcrumb\",\"itemListElement\":[{\"@type\":\"ListItem\",\"position\":1,\"name\":\"Startseite\",\"item\":\"https:\/\/schaeferhund-traubeneiche.de\/\"},{\"@type\":\"ListItem\",\"position\":2,\"name\":\"Y-Nr.1 R\u00fcde grau\"}]},{\"@type\":\"WebSite\",\"@id\":\"https:\/\/schaeferhund-traubeneiche.de\/#website\",\"url\":\"https:\/\/schaeferhund-traubeneiche.de\/\",\"name\":\"Schaeferhund-Traubeneiche\",\"description\":\"Homepage vom Zwinger von der Traubeneiche. Erstellt von Dieter Barsch.Zuchtst\u00e4tte f\u00fcr Deutsche Sch\u00e4ferhunde, DSH, Sporthund, Familienhund, Beh\u00f6rdenhund, Leistungszucht,Welpen, Sch\u00e4ferhundwelpen, Sch\u00e4ferhundzuch\",\"publisher\":{\"@id\":\"https:\/\/schaeferhund-traubeneiche.de\/#organization\"},\"potentialAction\":[{\"@type\":\"SearchAction\",\"target\":{\"@type\":\"EntryPoint\",\"urlTemplate\":\"https:\/\/schaeferhund-traubeneiche.de\/?s={search_term_string}\"},\"query-input\":\"required name=search_term_string\"}],\"inLanguage\":\"en-US\"},{\"@type\":\"Organization\",\"@id\":\"https:\/\/schaeferhund-traubeneiche.de\/#organization\",\"name\":\"Schaeferhund-Traubeneiche\",\"url\":\"https:\/\/schaeferhund-traubeneiche.de\/\",\"logo\":{\"@type\":\"ImageObject\",\"inLanguage\":\"en-US\",\"@id\":\"https:\/\/schaeferhund-traubeneiche.de\/#\/schema\/logo\/image\/\",\"url\":\"https:\/\/schaeferhund-traubeneiche.de\/wp-content\/uploads\/2022\/02\/zwinger-von-der-traubeneiche-2.jpg\",\"contentUrl\":\"https:\/\/schaeferhund-traubeneiche.de\/wp-content\/uploads\/2022\/02\/zwinger-von-der-traubeneiche-2.jpg\",\"width\":1200,\"height\":558,\"caption\":\"Schaeferhund-Traubeneiche\"},\"image\":{\"@id\":\"https:\/\/schaeferhund-traubeneiche.de\/#\/schema\/logo\/image\/\"}}]}<\/script>\n<!-- \/ Yoast SEO plugin. -->","yoast_head_json":{"title":"Y-Nr.1 R\u00fcde grau - Schaeferhund-Traubeneiche","robots":{"index":"index","follow":"follow","max-snippet":"max-snippet:-1","max-image-preview":"max-image-preview:large","max-video-preview":"max-video-preview:-1"},"canonical":"https:\/\/schaeferhund-traubeneiche.de\/en\/y-nr-1-ruede-grau\/","og_locale":"en_US","og_type":"article","og_title":"Y-Nr.1 R\u00fcde grau - Schaeferhund-Traubeneiche","og_url":"https:\/\/schaeferhund-traubeneiche.de\/en\/y-nr-1-ruede-grau\/","og_site_name":"Schaeferhund-Traubeneiche","article_modified_time":"2022-03-11T09:35:57+00:00","og_image":[{"url":"https:\/\/schaeferhund-traubeneiche.de\/wp-content\/uploads\/2022\/03\/20220311_094847-1-1024x576.jpg"}],"twitter_card":"summary_large_image","schema":{"@context":"https:\/\/schema.org","@graph":[{"@type":"WebPage","@id":"https:\/\/schaeferhund-traubeneiche.de\/y-nr-1-ruede-grau\/","url":"https:\/\/schaeferhund-traubeneiche.de\/y-nr-1-ruede-grau\/","name":"Y-Nr.1 R\u00fcde grau - Schaeferhund-Traubeneiche","isPartOf":{"@id":"https:\/\/schaeferhund-traubeneiche.de\/#website"},"primaryImageOfPage":{"@id":"https:\/\/schaeferhund-traubeneiche.de\/y-nr-1-ruede-grau\/#primaryimage"},"image":{"@id":"https:\/\/schaeferhund-traubeneiche.de\/y-nr-1-ruede-grau\/#primaryimage"},"thumbnailUrl":"https:\/\/schaeferhund-traubeneiche.de\/wp-content\/uploads\/2022\/03\/20220311_094847-1-1024x576.jpg","datePublished":"2022-03-11T09:30:05+00:00","dateModified":"2022-03-11T09:35:57+00:00","breadcrumb":{"@id":"https:\/\/schaeferhund-traubeneiche.de\/y-nr-1-ruede-grau\/#breadcrumb"},"inLanguage":"en-US","potentialAction":[{"@type":"ReadAction","target":["https:\/\/schaeferhund-traubeneiche.de\/y-nr-1-ruede-grau\/"]}]},{"@type":"ImageObject","inLanguage":"en-US","@id":"https:\/\/schaeferhund-traubeneiche.de\/y-nr-1-ruede-grau\/#primaryimage","url":"https:\/\/schaeferhund-traubeneiche.de\/wp-content\/uploads\/2022\/03\/20220311_094847-1-1024x576.jpg","contentUrl":"https:\/\/schaeferhund-traubeneiche.de\/wp-content\/uploads\/2022\/03\/20220311_094847-1-1024x576.jpg"},{"@type":"BreadcrumbList","@id":"https:\/\/schaeferhund-traubeneiche.de\/y-nr-1-ruede-grau\/#breadcrumb","itemListElement":[{"@type":"ListItem","position":1,"name":"Startseite","item":"https:\/\/schaeferhund-traubeneiche.de\/"},{"@type":"ListItem","position":2,"name":"Y-Nr.1 R\u00fcde grau"}]},{"@type":"WebSite","@id":"https:\/\/schaeferhund-traubeneiche.de\/#website","url":"https:\/\/schaeferhund-traubeneiche.de\/","name":"Schaeferhund-Traubeneiche","description":"Homepage vom Zwinger von der Traubeneiche. Erstellt von Dieter Barsch.Zuchtst\u00e4tte f\u00fcr Deutsche Sch\u00e4ferhunde, DSH, Sporthund, Familienhund, Beh\u00f6rdenhund, Leistungszucht,Welpen, Sch\u00e4ferhundwelpen, Sch\u00e4ferhundzuch","publisher":{"@id":"https:\/\/schaeferhund-traubeneiche.de\/#organization"},"potentialAction":[{"@type":"SearchAction","target":{"@type":"EntryPoint","urlTemplate":"https:\/\/schaeferhund-traubeneiche.de\/?s={search_term_string}"},"query-input":"required name=search_term_string"}],"inLanguage":"en-US"},{"@type":"Organization","@id":"https:\/\/schaeferhund-traubeneiche.de\/#organization","name":"Schaeferhund-Traubeneiche","url":"https:\/\/schaeferhund-traubeneiche.de\/","logo":{"@type":"ImageObject","inLanguage":"en-US","@id":"https:\/\/schaeferhund-traubeneiche.de\/#\/schema\/logo\/image\/","url":"https:\/\/schaeferhund-traubeneiche.de\/wp-content\/uploads\/2022\/02\/zwinger-von-der-traubeneiche-2.jpg","contentUrl":"https:\/\/schaeferhund-traubeneiche.de\/wp-content\/uploads\/2022\/02\/zwinger-von-der-traubeneiche-2.jpg","width":1200,"height":558,"caption":"Schaeferhund-Traubeneiche"},"image":{"@id":"https:\/\/schaeferhund-traubeneiche.de\/#\/schema\/logo\/image\/"}}]}},"_links":{"self":[{"href":"https:\/\/schaeferhund-traubeneiche.de\/en\/wp-json\/wp\/v2\/pages\/1638"}],"collection":[{"href":"https:\/\/schaeferhund-traubeneiche.de\/en\/wp-json\/wp\/v2\/pages"}],"about":[{"href":"https:\/\/schaeferhund-traubeneiche.de\/en\/wp-json\/wp\/v2\/types\/page"}],"author":[{"embeddable":true,"href":"https:\/\/schaeferhund-traubeneiche.de\/en\/wp-json\/wp\/v2\/users\/3"}],"replies":[{"embeddable":true,"href":"https:\/\/schaeferhund-traubeneiche.de\/en\/wp-json\/wp\/v2\/comments?post=1638"}],"version-history":[{"count":3,"href":"https:\/\/schaeferhund-traubeneiche.de\/en\/wp-json\/wp\/v2\/pages\/1638\/revisions"}],"predecessor-version":[{"id":1643,"href":"https:\/\/schaeferhund-traubeneiche.de\/en\/wp-json\/wp\/v2\/pages\/1638\/revisions\/1643"}],"wp:attachment":[{"href":"https:\/\/schaeferhund-traubeneiche.de\/en\/wp-json\/wp\/v2\/media?parent=1638"}],"curies":[{"name":"wp","href":"https:\/\/api.w.org\/{rel}","templated":true}]}}