{"id":1103,"date":"2022-02-20T11:17:42","date_gmt":"2022-02-20T10:17:42","guid":{"rendered":"https:\/\/schaeferhund-traubeneiche.de\/?page_id=1103"},"modified":"2022-02-27T20:12:48","modified_gmt":"2022-02-27T19:12:48","slug":"kontakt","status":"publish","type":"page","link":"https:\/\/schaeferhund-traubeneiche.de\/en\/kontakt\/","title":{"rendered":"Contact"},"content":{"rendered":"<div data-elementor-type=\"wp-page\" data-elementor-id=\"1103\" class=\"elementor elementor-1103\">\n\t\t\t\t\t\t<section class=\"elementor-section elementor-top-section elementor-element elementor-element-801f409 elementor-section-boxed elementor-section-height-default elementor-section-height-default\" data-id=\"801f409\" data-element_type=\"section\">\n\t\t\t\t\t\t<div class=\"elementor-container elementor-column-gap-default\">\n\t\t\t\t\t<div class=\"elementor-column elementor-col-100 elementor-top-column elementor-element elementor-element-0a5e00d\" data-id=\"0a5e00d\" data-element_type=\"column\">\n\t\t\t<div class=\"elementor-widget-wrap elementor-element-populated\">\n\t\t\t\t\t\t<div class=\"elementor-element elementor-element-7cb7845 elementor-widget elementor-widget-heading\" data-id=\"7cb7845\" data-element_type=\"widget\" data-widget_type=\"heading.default\">\n\t\t\t\t<div class=\"elementor-widget-container\">\n\t\t\t<style>\/*! elementor - v3.22.0 - 26-06-2024 *\/\n.elementor-heading-title{padding:0;margin:0;line-height:1}.elementor-widget-heading .elementor-heading-title[class*=elementor-size-]>a{color:inherit;font-size:inherit;line-height:inherit}.elementor-widget-heading .elementor-heading-title.elementor-size-small{font-size:15px}.elementor-widget-heading .elementor-heading-title.elementor-size-medium{font-size:19px}.elementor-widget-heading .elementor-heading-title.elementor-size-large{font-size:29px}.elementor-widget-heading .elementor-heading-title.elementor-size-xl{font-size:39px}.elementor-widget-heading .elementor-heading-title.elementor-size-xxl{font-size:59px}<\/style><h2 class=\"elementor-heading-title elementor-size-default\">Contact<\/h2>\t\t<\/div>\n\t\t\t\t<\/div>\n\t\t\t\t\t<\/div>\n\t\t<\/div>\n\t\t\t\t\t<\/div>\n\t\t<\/section>\n\t\t\t\t<section class=\"elementor-section elementor-top-section elementor-element elementor-element-87e4681 elementor-section-boxed elementor-section-height-default elementor-section-height-default\" data-id=\"87e4681\" data-element_type=\"section\">\n\t\t\t\t\t\t<div class=\"elementor-container elementor-column-gap-default\">\n\t\t\t\t\t<div class=\"elementor-column elementor-col-50 elementor-top-column elementor-element elementor-element-4ec0c83\" data-id=\"4ec0c83\" data-element_type=\"column\" data-settings=\"{&quot;background_background&quot;:&quot;classic&quot;}\">\n\t\t\t<div class=\"elementor-widget-wrap elementor-element-populated\">\n\t\t\t\t\t\t<div class=\"elementor-element elementor-element-1c985ab elementor-widget elementor-widget-wpforms\" data-id=\"1c985ab\" data-element_type=\"widget\" data-widget_type=\"wpforms.default\">\n\t\t\t\t<div class=\"elementor-widget-container\">\n\t\t\t<div class=\"wpforms-container wpforms-container-full\" id=\"wpforms-1113\"><form id=\"wpforms-form-1113\" class=\"wpforms-validate wpforms-form wpforms-ajax-form\" data-formid=\"1113\" method=\"post\" enctype=\"multipart\/form-data\" action=\"\/en\/wp-json\/wp\/v2\/pages\/1103\" data-token=\"869dc9126ca182f2be32ffdee2e83e69\" data-token-time=\"1776403459\" data-trp-original-action=\"\/en\/wp-json\/wp\/v2\/pages\/1103\"><noscript class=\"wpforms-error-noscript\">Please enable JavaScript in your browser to complete this form.<\/noscript><div class=\"wpforms-field-container\"><div id=\"wpforms-1113-field_0-container\" class=\"wpforms-field wpforms-field-name\" data-field-id=\"0\"><label class=\"wpforms-field-label\" for=\"wpforms-1113-field_0\">Surname <span class=\"wpforms-required-label\">*<\/span><\/label><div class=\"wpforms-field-row wpforms-field-large\"><div class=\"wpforms-field-row-block wpforms-first wpforms-one-half\"><input type=\"text\" id=\"wpforms-1113-field_0\" class=\"wpforms-field-name-first wpforms-field-required\" name=\"wpforms[fields][0][first]\" required><label for=\"wpforms-1113-field_0\" class=\"wpforms-field-sublabel after\">First<\/label><\/div><div class=\"wpforms-field-row-block wpforms-one-half\"><input type=\"text\" id=\"wpforms-1113-field_0-last\" class=\"wpforms-field-name-last wpforms-field-required\" name=\"wpforms[fields][0][last]\" required><label for=\"wpforms-1113-field_0-last\" class=\"wpforms-field-sublabel after\">Last<\/label><\/div><\/div><\/div><div id=\"wpforms-1113-field_1-container\" class=\"wpforms-field wpforms-field-email\" data-field-id=\"1\"><label class=\"wpforms-field-label\" for=\"wpforms-1113-field_1\">E-mail <span class=\"wpforms-required-label\">*<\/span><\/label><input type=\"email\" id=\"wpforms-1113-field_1\" class=\"wpforms-field-large wpforms-field-required\" name=\"wpforms[fields][1]\" spellcheck=\"false\" required><\/div><div id=\"wpforms-1113-field_2-container\" class=\"wpforms-field wpforms-field-textarea\" data-field-id=\"2\"><label class=\"wpforms-field-label\" for=\"wpforms-1113-field_2\">news <span class=\"wpforms-required-label\">*<\/span><\/label><textarea id=\"wpforms-1113-field_2\" class=\"wpforms-field-medium wpforms-field-required\" name=\"wpforms[fields][2]\" required><\/textarea><\/div><div id=\"wpforms-1113-field_4-container\" class=\"wpforms-field wpforms-field-checkbox\" data-field-id=\"4\"><label class=\"wpforms-field-label\" for=\"wpforms-1113-field_4\">privacy <span class=\"wpforms-required-label\">*<\/span><\/label><ul id=\"wpforms-1113-field_4\" class=\"wpforms-field-required\"><li class=\"choice-1 depth-1\"><input type=\"checkbox\" id=\"wpforms-1113-field_4_1\" name=\"wpforms[fields][4][]\" value=\"Ich habe die &lt;a href=&quot;datenschutz&quot; target=&quot;_blank&quot;&gt;Datenschutzerkl\u00e4rung&lt;\/a&gt; zur Kenntnis genommen. Ich stimme zu, dass meine Angaben und Daten zur Beantwortung meiner Anfrage elektronisch erhoben und gespeichert werden.\" required><label class=\"wpforms-field-label-inline\" for=\"wpforms-1113-field_4_1\">I have the <a href=\"https:\/\/schaeferhund-traubeneiche.de\/en\/datenschutz\/\" target=\"_blank\">Data protection<\/a> noted. I agree that my details and data will be collected and stored electronically to answer my request.<\/label><\/li><\/ul><\/div><\/div><!-- .wpforms-field-container --><div class=\"wpforms-submit-container\" ><input type=\"hidden\" name=\"wpforms[id]\" value=\"1113\"><input type=\"hidden\" name=\"page_title\" value=\"\"><input type=\"hidden\" name=\"page_url\" value=\"https:\/\/schaeferhund-traubeneiche.de\/en\/wp-json\/wp\/v2\/pages\/1103\"><button type=\"submit\" name=\"wpforms[submit]\" id=\"wpforms-submit-1113\" class=\"wpforms-submit\" data-alt-text=\"Wird gesendet....\" data-submit-text=\"Absenden\" aria-live=\"assertive\" value=\"wpforms-submit\">Submit<\/button><img decoding=\"async\" src=\"https:\/\/schaeferhund-traubeneiche.de\/wp-content\/plugins\/wpforms-lite\/assets\/images\/submit-spin.svg\" class=\"wpforms-submit-spinner\" style=\"display: none;\" width=\"26\" height=\"26\" alt=\"Loading\"><\/div><input type=\"hidden\" name=\"trp-form-language\" value=\"en\"\/><\/form><\/div>  <!-- .wpforms-container -->\t\t<\/div>\n\t\t\t\t<\/div>\n\t\t\t\t\t<\/div>\n\t\t<\/div>\n\t\t\t\t<div class=\"elementor-column elementor-col-50 elementor-top-column elementor-element elementor-element-9674f7e elementor-hidden-tablet elementor-hidden-mobile\" data-id=\"9674f7e\" data-element_type=\"column\">\n\t\t\t<div class=\"elementor-widget-wrap\">\n\t\t\t\t\t\t\t<\/div>\n\t\t<\/div>\n\t\t\t\t\t<\/div>\n\t\t<\/section>\n\t\t\t\t<section class=\"elementor-section elementor-top-section elementor-element elementor-element-d10bd2e elementor-section-boxed elementor-section-height-default elementor-section-height-default\" data-id=\"d10bd2e\" data-element_type=\"section\">\n\t\t\t\t\t\t<div class=\"elementor-container elementor-column-gap-default\">\n\t\t\t\t\t<div class=\"elementor-column elementor-col-50 elementor-top-column elementor-element elementor-element-832b3f7 elementor-hidden-tablet elementor-hidden-mobile\" data-id=\"832b3f7\" data-element_type=\"column\">\n\t\t\t<div class=\"elementor-widget-wrap\">\n\t\t\t\t\t\t\t<\/div>\n\t\t<\/div>\n\t\t\t\t<div class=\"elementor-column elementor-col-50 elementor-top-column elementor-element elementor-element-4c58373\" data-id=\"4c58373\" data-element_type=\"column\" data-settings=\"{&quot;background_background&quot;:&quot;classic&quot;}\">\n\t\t\t<div class=\"elementor-widget-wrap elementor-element-populated\">\n\t\t\t\t\t\t<div class=\"elementor-element elementor-element-b47dfd1 elementor-view-framed elementor-shape-square elementor-position-left elementor-mobile-position-top elementor-vertical-align-top elementor-widget elementor-widget-icon-box\" data-id=\"b47dfd1\" data-element_type=\"widget\" data-widget_type=\"icon-box.default\">\n\t\t\t\t<div class=\"elementor-widget-container\">\n\t\t\t<link rel=\"stylesheet\" href=\"https:\/\/schaeferhund-traubeneiche.de\/wp-content\/plugins\/elementor\/assets\/css\/widget-icon-box.min.css\">\t\t<div class=\"elementor-icon-box-wrapper\">\n\n\t\t\t\t\t\t<div class=\"elementor-icon-box-icon\">\n\t\t\t\t<span  class=\"elementor-icon elementor-animation-\">\n\t\t\t\t<i aria-hidden=\"true\" class=\"far fa-address-card\"><\/i>\t\t\t\t<\/span>\n\t\t\t<\/div>\n\t\t\t\n\t\t\t\t\t\t<div class=\"elementor-icon-box-content\">\n\n\t\t\t\t\t\t\t\t\t<h3 class=\"elementor-icon-box-title\">\n\t\t\t\t\t\t<span  >\n\t\t\t\t\t\t\tDieter Barsch\t\t\t\t\t\t<\/span>\n\t\t\t\t\t<\/h3>\n\t\t\t\t\n\t\t\t\t\t\t\t\t\t<p class=\"elementor-icon-box-description\">\n\t\t\t\t\t\tTelephone: 03723 682233 <br \/>\nMobile: 0175 4026755 <br \/>\nEmail: info@schaeferhund-traubeneiche.de\t\t\t\t\t<\/p>\n\t\t\t\t\n\t\t\t<\/div>\n\t\t\t\n\t\t<\/div>\n\t\t\t\t<\/div>\n\t\t\t\t<\/div>\n\t\t\t\t<div class=\"elementor-element elementor-element-034af8c elementor-view-framed elementor-shape-square elementor-position-left elementor-mobile-position-top elementor-vertical-align-top elementor-widget elementor-widget-icon-box\" data-id=\"034af8c\" data-element_type=\"widget\" data-widget_type=\"icon-box.default\">\n\t\t\t\t<div class=\"elementor-widget-container\">\n\t\t\t\t\t<div class=\"elementor-icon-box-wrapper\">\n\n\t\t\t\t\t\t<div class=\"elementor-icon-box-icon\">\n\t\t\t\t<span  class=\"elementor-icon elementor-animation-\">\n\t\t\t\t<i aria-hidden=\"true\" class=\"fas fa-location-arrow\"><\/i>\t\t\t\t<\/span>\n\t\t\t<\/div>\n\t\t\t\n\t\t\t\t\t\t<div class=\"elementor-icon-box-content\">\n\n\t\t\t\t\t\t\t\t\t<h3 class=\"elementor-icon-box-title\">\n\t\t\t\t\t\t<span  >\n\t\t\t\t\t\t\tlocation\t\t\t\t\t\t<\/span>\n\t\t\t\t\t<\/h3>\n\t\t\t\t\n\t\t\t\t\t\t\t\t\t<p class=\"elementor-icon-box-description\">\n\t\t\t\t\t\tS\u00fcdbauernweg 17a <br \/>\n\n09353 Oberlungwitz<br \/>\nGermany\t\t\t\t\t<\/p>\n\t\t\t\t\n\t\t\t<\/div>\n\t\t\t\n\t\t<\/div>\n\t\t\t\t<\/div>\n\t\t\t\t<\/div>\n\t\t\t\t<div class=\"elementor-element elementor-element-7f97cac elementor-view-framed elementor-shape-square elementor-position-left elementor-vertical-align-middle elementor-mobile-position-top elementor-widget elementor-widget-icon-box\" data-id=\"7f97cac\" data-element_type=\"widget\" data-widget_type=\"icon-box.default\">\n\t\t\t\t<div class=\"elementor-widget-container\">\n\t\t\t\t\t<div class=\"elementor-icon-box-wrapper\">\n\n\t\t\t\t\t\t<div class=\"elementor-icon-box-icon\">\n\t\t\t\t<a href=\"https:\/\/www.working-dog.com\/breedstation\/von-der-Traubeneiche-2786\" target=\"_blank\" class=\"elementor-icon elementor-animation-\" tabindex=\"-1\">\n\t\t\t\t<svg xmlns=\"http:\/\/www.w3.org\/2000\/svg\" width=\"373.06\" height=\"239.37\" viewbox=\"0 0 373.06 239.37\"><path d=\"M296.4,115.43c-5.37-4.27-13.53-6.1-18.91-9.73-6.37-4.29-13.7-6.16-18.31-9.52-15-11-58.77-16.22-64-17.84-3.95-1.21-44.82-8.81-65-12.53A65.6,65.6,0,0,1,109.06,58C97.87,51.49,80.68,41.46,76.79,39.1,71.7,36,58.47,16.09,55,10.78a.83.83,0,0,0-1.46.13l-1.66,3.92a10.15,10.15,0,0,0-.81,4.25l.14,5.79S35.48,3.09,34.06,5.72s-.51,12,.17,16.28a54.73,54.73,0,0,0,2.83,9.73L28.27,41.82a9,9,0,0,0-2.16,6.41,35.68,35.68,0,0,1,0,3.77,4.06,4.06,0,0,1-2.43,3.65S11.33,62.33,8.29,66.18c-.83,1-1.48,1.87-2,2.49a3.58,3.58,0,0,0-.23,4.2l2.28,3.54a10.6,10.6,0,0,0,8.17,4.84l2.13.16a45,45,0,0,1-2.87,10.71c-1,2.35.32,3.4,2,3.86a4.58,4.58,0,0,0,5.16-2.16c1-1.63,2.32-3.24,3.45-1.85,2,2.43,7.35-.76,7.35-.76l11.72-6.92s3.48,8.14,9.56,20,11.25,12.43,11.25,12.43,1.75,17.7,20.06,30.74a171.47,171.47,0,0,1,14.83,11.79l6.55,45.83-3.54,8-6.91.1a6.51,6.51,0,0,0-6,6.52l2.06.44,8.88.24s.27,2.24-1.62,2.33c-5.6.27-10.13,1.07-10.74,3.82-.54,2.43,1.25,3,1.25,3l19.8,0L123.53,213l6.76-55.36s16.72,5.48,45.29.61c6.12-1,18.95.41,18.95.41l14.53,3.37s16.76,21.55,29.41,23.79c19.12,3.37,22.37,16.78,22.37,16.78L253,213.14l-6.83.44a3.3,3.3,0,0,0-3.09,3.78,2.46,2.46,0,0,0,1,1.64A16.89,16.89,0,0,0,255,222.2a25.16,25.16,0,0,0,9.93-2.87l9.14-12.78,1.37-1.92-2.16-12.19-.31-3.92,11.16,1.62,10.17,1.47a17.25,17.25,0,0,1,2.56,1.33l9.89,6.16a26.59,26.59,0,0,1,8.36,14.37l.9,4.25.47,2.21.87,4.13s-1.8-.85-5.53,3.88c-7,8.89,12.9,5.64,15.73,3.85,1.58-1,1.17-7.06.43-12.55-.1-.78-.21-1.55-.32-2.29-.6-3.93-1.25-7.08-1.25-7.08l-.5-2.26L323.54,197c.28.18.56.35.83.5,28.24,15.33,42.12,11.42,43.11,10.74C369.38,206.94,335.59,146.62,296.4,115.43Zm9.09,63.33c-6.08-1.37-6.06-6.28-6.39-7.6-1-3.94-4.89-20.13-5.77-23.1,6.07,6,12.07,20.42,18.26,32.27C309.52,179.75,307.37,179.19,305.49,178.76Z\" fill=\"none\" stroke=\"#1d1d1b\" stroke-miterlimit=\"10\" stroke-width=\"11\"><\/path><\/svg>\t\t\t\t<\/a>\n\t\t\t<\/div>\n\t\t\t\n\t\t\t\t\t\t<div class=\"elementor-icon-box-content\">\n\n\t\t\t\t\t\t\t\t\t<h3 class=\"elementor-icon-box-title\">\n\t\t\t\t\t\t<a href=\"https:\/\/www.working-dog.com\/breedstation\/von-der-Traubeneiche-2786\" target=\"_blank\" >\n\t\t\t\t\t\t\tWorking Dog\t\t\t\t\t\t<\/a>\n\t\t\t\t\t<\/h3>\n\t\t\t\t\n\t\t\t\t\n\t\t\t<\/div>\n\t\t\t\n\t\t<\/div>\n\t\t\t\t<\/div>\n\t\t\t\t<\/div>\n\t\t\t\t\t<\/div>\n\t\t<\/div>\n\t\t\t\t\t<\/div>\n\t\t<\/section>\n\t\t\t\t<\/div>","protected":false},"excerpt":{"rendered":"<p>Kontakt Dieter Barsch Telefon: 03723 682233 Handy: 0175 4026755 E-Mail: info@schaeferhund-traubeneiche.de Standort S\u00fcdbauernweg 17a 09353 Oberlungwitz Deutschland Working Dog<\/p>","protected":false},"author":1,"featured_media":0,"parent":0,"menu_order":0,"comment_status":"closed","ping_status":"closed","template":"","meta":{"site-sidebar-layout":"no-sidebar","site-content-layout":"page-builder","ast-site-content-layout":"","site-content-style":"default","site-sidebar-style":"default","ast-global-header-display":"","ast-banner-title-visibility":"","ast-main-header-display":"","ast-hfb-above-header-display":"","ast-hfb-below-header-display":"","ast-hfb-mobile-header-display":"","site-post-title":"disabled","ast-breadcrumbs-content":"","ast-featured-img":"disabled","footer-sml-layout":"","theme-transparent-header-meta":"","adv-header-id-meta":"","stick-header-meta":"","header-above-stick-meta":"","header-main-stick-meta":"","header-below-stick-meta":"","astra-migrate-meta-layouts":"default","ast-page-background-enabled":"default","ast-page-background-meta":{"desktop":{"background-color":"var(--ast-global-color-4)","background-image":"","background-repeat":"repeat","background-position":"center center","background-size":"auto","background-attachment":"scroll","background-type":"","background-media":"","overlay-type":"","overlay-color":"","overlay-opacity":"","overlay-gradient":""},"tablet":{"background-color":"","background-image":"","background-repeat":"repeat","background-position":"center center","background-size":"auto","background-attachment":"scroll","background-type":"","background-media":"","overlay-type":"","overlay-color":"","overlay-opacity":"","overlay-gradient":""},"mobile":{"background-color":"","background-image":"","background-repeat":"repeat","background-position":"center center","background-size":"auto","background-attachment":"scroll","background-type":"","background-media":"","overlay-type":"","overlay-color":"","overlay-opacity":"","overlay-gradient":""}},"ast-content-background-meta":{"desktop":{"background-color":"var(--ast-global-color-5)","background-image":"","background-repeat":"repeat","background-position":"center center","background-size":"auto","background-attachment":"scroll","background-type":"","background-media":"","overlay-type":"","overlay-color":"","overlay-opacity":"","overlay-gradient":""},"tablet":{"background-color":"var(--ast-global-color-5)","background-image":"","background-repeat":"repeat","background-position":"center center","background-size":"auto","background-attachment":"scroll","background-type":"","background-media":"","overlay-type":"","overlay-color":"","overlay-opacity":"","overlay-gradient":""},"mobile":{"background-color":"var(--ast-global-color-5)","background-image":"","background-repeat":"repeat","background-position":"center center","background-size":"auto","background-attachment":"scroll","background-type":"","background-media":"","overlay-type":"","overlay-color":"","overlay-opacity":"","overlay-gradient":""}},"footnotes":""},"yoast_head":"<!-- This site is optimized with the Yoast SEO plugin v22.9 - https:\/\/yoast.com\/wordpress\/plugins\/seo\/ -->\n<title>Kontakt - Schaeferhund-Traubeneiche<\/title>\n<meta name=\"description\" content=\"Kontakt Dieter Barsch Telefon: 03723 682233 Handy: 0175 4026755 E-Mail: info@schaeferhund-traubeneiche.de Standort S\u00fcdbauernweg 17a 09353 Oberlungwitz\" \/>\n<meta name=\"robots\" content=\"index, follow, max-snippet:-1, max-image-preview:large, max-video-preview:-1\" \/>\n<link rel=\"canonical\" href=\"https:\/\/schaeferhund-traubeneiche.de\/en\/kontakt\/\" \/>\n<meta property=\"og:locale\" content=\"en_US\" \/>\n<meta property=\"og:type\" content=\"article\" \/>\n<meta property=\"og:title\" content=\"Kontakt - Schaeferhund-Traubeneiche\" \/>\n<meta property=\"og:description\" content=\"Kontakt Dieter Barsch Telefon: 03723 682233 Handy: 0175 4026755 E-Mail: info@schaeferhund-traubeneiche.de Standort S\u00fcdbauernweg 17a 09353 Oberlungwitz\" \/>\n<meta property=\"og:url\" content=\"https:\/\/schaeferhund-traubeneiche.de\/en\/kontakt\/\" \/>\n<meta property=\"og:site_name\" content=\"Schaeferhund-Traubeneiche\" \/>\n<meta property=\"article:modified_time\" content=\"2022-02-27T19:12:48+00:00\" \/>\n<meta name=\"twitter:card\" content=\"summary_large_image\" \/>\n<script type=\"application\/ld+json\" class=\"yoast-schema-graph\">{\"@context\":\"https:\/\/schema.org\",\"@graph\":[{\"@type\":\"WebPage\",\"@id\":\"https:\/\/schaeferhund-traubeneiche.de\/kontakt\/\",\"url\":\"https:\/\/schaeferhund-traubeneiche.de\/kontakt\/\",\"name\":\"Kontakt - Schaeferhund-Traubeneiche\",\"isPartOf\":{\"@id\":\"https:\/\/schaeferhund-traubeneiche.de\/#website\"},\"datePublished\":\"2022-02-20T10:17:42+00:00\",\"dateModified\":\"2022-02-27T19:12:48+00:00\",\"description\":\"Kontakt Dieter Barsch Telefon: 03723 682233 Handy: 0175 4026755 E-Mail: info@schaeferhund-traubeneiche.de Standort S\u00fcdbauernweg 17a 09353 Oberlungwitz\",\"breadcrumb\":{\"@id\":\"https:\/\/schaeferhund-traubeneiche.de\/kontakt\/#breadcrumb\"},\"inLanguage\":\"en-US\",\"potentialAction\":[{\"@type\":\"ReadAction\",\"target\":[\"https:\/\/schaeferhund-traubeneiche.de\/kontakt\/\"]}]},{\"@type\":\"BreadcrumbList\",\"@id\":\"https:\/\/schaeferhund-traubeneiche.de\/kontakt\/#breadcrumb\",\"itemListElement\":[{\"@type\":\"ListItem\",\"position\":1,\"name\":\"Startseite\",\"item\":\"https:\/\/schaeferhund-traubeneiche.de\/\"},{\"@type\":\"ListItem\",\"position\":2,\"name\":\"Kontakt\"}]},{\"@type\":\"WebSite\",\"@id\":\"https:\/\/schaeferhund-traubeneiche.de\/#website\",\"url\":\"https:\/\/schaeferhund-traubeneiche.de\/\",\"name\":\"Schaeferhund-Traubeneiche\",\"description\":\"Homepage vom Zwinger von der Traubeneiche. Erstellt von Dieter Barsch.Zuchtst\u00e4tte f\u00fcr Deutsche Sch\u00e4ferhunde, DSH, Sporthund, Familienhund, Beh\u00f6rdenhund, Leistungszucht,Welpen, Sch\u00e4ferhundwelpen, Sch\u00e4ferhundzuch\",\"publisher\":{\"@id\":\"https:\/\/schaeferhund-traubeneiche.de\/#organization\"},\"potentialAction\":[{\"@type\":\"SearchAction\",\"target\":{\"@type\":\"EntryPoint\",\"urlTemplate\":\"https:\/\/schaeferhund-traubeneiche.de\/?s={search_term_string}\"},\"query-input\":\"required name=search_term_string\"}],\"inLanguage\":\"en-US\"},{\"@type\":\"Organization\",\"@id\":\"https:\/\/schaeferhund-traubeneiche.de\/#organization\",\"name\":\"Schaeferhund-Traubeneiche\",\"url\":\"https:\/\/schaeferhund-traubeneiche.de\/\",\"logo\":{\"@type\":\"ImageObject\",\"inLanguage\":\"en-US\",\"@id\":\"https:\/\/schaeferhund-traubeneiche.de\/#\/schema\/logo\/image\/\",\"url\":\"https:\/\/schaeferhund-traubeneiche.de\/wp-content\/uploads\/2022\/02\/zwinger-von-der-traubeneiche-2.jpg\",\"contentUrl\":\"https:\/\/schaeferhund-traubeneiche.de\/wp-content\/uploads\/2022\/02\/zwinger-von-der-traubeneiche-2.jpg\",\"width\":1200,\"height\":558,\"caption\":\"Schaeferhund-Traubeneiche\"},\"image\":{\"@id\":\"https:\/\/schaeferhund-traubeneiche.de\/#\/schema\/logo\/image\/\"}}]}<\/script>\n<!-- \/ Yoast SEO plugin. -->","yoast_head_json":{"title":"Kontakt - Schaeferhund-Traubeneiche","description":"Kontakt Dieter Barsch Telefon: 03723 682233 Handy: 0175 4026755 E-Mail: info@schaeferhund-traubeneiche.de Standort S\u00fcdbauernweg 17a 09353 Oberlungwitz","robots":{"index":"index","follow":"follow","max-snippet":"max-snippet:-1","max-image-preview":"max-image-preview:large","max-video-preview":"max-video-preview:-1"},"canonical":"https:\/\/schaeferhund-traubeneiche.de\/en\/kontakt\/","og_locale":"en_US","og_type":"article","og_title":"Kontakt - Schaeferhund-Traubeneiche","og_description":"Kontakt Dieter Barsch Telefon: 03723 682233 Handy: 0175 4026755 E-Mail: info@schaeferhund-traubeneiche.de Standort S\u00fcdbauernweg 17a 09353 Oberlungwitz","og_url":"https:\/\/schaeferhund-traubeneiche.de\/en\/kontakt\/","og_site_name":"Schaeferhund-Traubeneiche","article_modified_time":"2022-02-27T19:12:48+00:00","twitter_card":"summary_large_image","schema":{"@context":"https:\/\/schema.org","@graph":[{"@type":"WebPage","@id":"https:\/\/schaeferhund-traubeneiche.de\/kontakt\/","url":"https:\/\/schaeferhund-traubeneiche.de\/kontakt\/","name":"Kontakt - Schaeferhund-Traubeneiche","isPartOf":{"@id":"https:\/\/schaeferhund-traubeneiche.de\/#website"},"datePublished":"2022-02-20T10:17:42+00:00","dateModified":"2022-02-27T19:12:48+00:00","description":"Kontakt Dieter Barsch Telefon: 03723 682233 Handy: 0175 4026755 E-Mail: info@schaeferhund-traubeneiche.de Standort S\u00fcdbauernweg 17a 09353 Oberlungwitz","breadcrumb":{"@id":"https:\/\/schaeferhund-traubeneiche.de\/kontakt\/#breadcrumb"},"inLanguage":"en-US","potentialAction":[{"@type":"ReadAction","target":["https:\/\/schaeferhund-traubeneiche.de\/kontakt\/"]}]},{"@type":"BreadcrumbList","@id":"https:\/\/schaeferhund-traubeneiche.de\/kontakt\/#breadcrumb","itemListElement":[{"@type":"ListItem","position":1,"name":"Startseite","item":"https:\/\/schaeferhund-traubeneiche.de\/"},{"@type":"ListItem","position":2,"name":"Kontakt"}]},{"@type":"WebSite","@id":"https:\/\/schaeferhund-traubeneiche.de\/#website","url":"https:\/\/schaeferhund-traubeneiche.de\/","name":"Schaeferhund-Traubeneiche","description":"Homepage vom Zwinger von der Traubeneiche. Erstellt von Dieter Barsch.Zuchtst\u00e4tte f\u00fcr Deutsche Sch\u00e4ferhunde, DSH, Sporthund, Familienhund, Beh\u00f6rdenhund, Leistungszucht,Welpen, Sch\u00e4ferhundwelpen, Sch\u00e4ferhundzuch","publisher":{"@id":"https:\/\/schaeferhund-traubeneiche.de\/#organization"},"potentialAction":[{"@type":"SearchAction","target":{"@type":"EntryPoint","urlTemplate":"https:\/\/schaeferhund-traubeneiche.de\/?s={search_term_string}"},"query-input":"required name=search_term_string"}],"inLanguage":"en-US"},{"@type":"Organization","@id":"https:\/\/schaeferhund-traubeneiche.de\/#organization","name":"Schaeferhund-Traubeneiche","url":"https:\/\/schaeferhund-traubeneiche.de\/","logo":{"@type":"ImageObject","inLanguage":"en-US","@id":"https:\/\/schaeferhund-traubeneiche.de\/#\/schema\/logo\/image\/","url":"https:\/\/schaeferhund-traubeneiche.de\/wp-content\/uploads\/2022\/02\/zwinger-von-der-traubeneiche-2.jpg","contentUrl":"https:\/\/schaeferhund-traubeneiche.de\/wp-content\/uploads\/2022\/02\/zwinger-von-der-traubeneiche-2.jpg","width":1200,"height":558,"caption":"Schaeferhund-Traubeneiche"},"image":{"@id":"https:\/\/schaeferhund-traubeneiche.de\/#\/schema\/logo\/image\/"}}]}},"_links":{"self":[{"href":"https:\/\/schaeferhund-traubeneiche.de\/en\/wp-json\/wp\/v2\/pages\/1103"}],"collection":[{"href":"https:\/\/schaeferhund-traubeneiche.de\/en\/wp-json\/wp\/v2\/pages"}],"about":[{"href":"https:\/\/schaeferhund-traubeneiche.de\/en\/wp-json\/wp\/v2\/types\/page"}],"author":[{"embeddable":true,"href":"https:\/\/schaeferhund-traubeneiche.de\/en\/wp-json\/wp\/v2\/users\/1"}],"replies":[{"embeddable":true,"href":"https:\/\/schaeferhund-traubeneiche.de\/en\/wp-json\/wp\/v2\/comments?post=1103"}],"version-history":[{"count":6,"href":"https:\/\/schaeferhund-traubeneiche.de\/en\/wp-json\/wp\/v2\/pages\/1103\/revisions"}],"predecessor-version":[{"id":1600,"href":"https:\/\/schaeferhund-traubeneiche.de\/en\/wp-json\/wp\/v2\/pages\/1103\/revisions\/1600"}],"wp:attachment":[{"href":"https:\/\/schaeferhund-traubeneiche.de\/en\/wp-json\/wp\/v2\/media?parent=1103"}],"curies":[{"name":"wp","href":"https:\/\/api.w.org\/{rel}","templated":true}]}}